{"id":242,"date":"2020-03-15T18:41:49","date_gmt":"2020-03-15T18:41:49","guid":{"rendered":"https:\/\/collegejeanperrin.blogs.laclasse.com\/?page_id=242"},"modified":"2020-05-31T14:26:02","modified_gmt":"2020-05-31T14:26:02","slug":"histoire-du-college","status":"publish","type":"page","link":"https:\/\/collegejeanperrin.blogs.laclasse.com\/?page_id=242","title":{"rendered":"Histoire du coll\u00e8ge"},"content":{"rendered":"\n<h2 class=\"wp-block-heading\">La d\u00e9cision<\/h2>\n\n\n\n<p><a href=\"https:\/\/collegejeanperrin.blogs.laclasse.com\/wp-content\/uploads\/sites\/99\/2020\/03\/nb_5.jpg\"><img loading=\"lazy\" decoding=\"async\" class=\"alignleft size-medium wp-image-246\" src=\"https:\/\/collegejeanperrin.blogs.laclasse.com\/wp-content\/uploads\/sites\/99\/2020\/03\/nb_5-300x212.jpg\" alt=\"Vue de la Sa\u00f4ne\" width=\"300\" height=\"212\" srcset=\"https:\/\/collegejeanperrin.blogs.laclasse.com\/wp-content\/uploads\/sites\/99\/2020\/03\/nb_5-300x212.jpg 300w, https:\/\/collegejeanperrin.blogs.laclasse.com\/wp-content\/uploads\/sites\/99\/2020\/03\/nb_5-1024x723.jpg 1024w, https:\/\/collegejeanperrin.blogs.laclasse.com\/wp-content\/uploads\/sites\/99\/2020\/03\/nb_5-768x542.jpg 768w, https:\/\/collegejeanperrin.blogs.laclasse.com\/wp-content\/uploads\/sites\/99\/2020\/03\/nb_5-1536x1085.jpg 1536w, https:\/\/collegejeanperrin.blogs.laclasse.com\/wp-content\/uploads\/sites\/99\/2020\/03\/nb_5.jpg 1582w\" sizes=\"auto, (max-width: 300px) 100vw, 300px\" \/><\/a>Au XIX<sup class=\"typo_exposants\">e<\/sup> si\u00e8cle, la ville ne dispose que d\u2019un seul lyc\u00e9e, le lyc\u00e9e de Lyon (ancien coll\u00e8ge de la Trinit\u00e9 avant la R\u00e9volution, futur lyc\u00e9e Amp\u00e8re \u00e0 partir de 1888). D\u00e8s 1844, les rapports soulignent cette n\u00e9cessit\u00e9 et rappellent qu\u2019avant 1793, la ville disposait de deux coll\u00e8ges pour une population inf\u00e9rieure de pr\u00e8s de la moiti\u00e9. De plus, les b\u00e2timents du lyc\u00e9e sont en mauvais \u00e9tat et bien que l\u2019enseignement secondaire ne concerne encore que peu d\u2019enfants, leur nombre est en augmentation et la saturation est \u00e9vidente.<\/p>\n\n\n\n<h2 class=\"wp-block-heading\">Le choix du site<\/h2>\n\n\n\n<p><a href=\"https:\/\/collegejeanperrin.blogs.laclasse.com\/wp-content\/uploads\/sites\/99\/2020\/03\/nb_8.jpg\"><img loading=\"lazy\" decoding=\"async\" class=\"alignleft size-medium wp-image-247\" src=\"https:\/\/collegejeanperrin.blogs.laclasse.com\/wp-content\/uploads\/sites\/99\/2020\/03\/nb_8-300x213.jpg\" alt=\"Le parc\" width=\"300\" height=\"213\" srcset=\"https:\/\/collegejeanperrin.blogs.laclasse.com\/wp-content\/uploads\/sites\/99\/2020\/03\/nb_8-300x213.jpg 300w, https:\/\/collegejeanperrin.blogs.laclasse.com\/wp-content\/uploads\/sites\/99\/2020\/03\/nb_8-1024x727.jpg 1024w, https:\/\/collegejeanperrin.blogs.laclasse.com\/wp-content\/uploads\/sites\/99\/2020\/03\/nb_8-768x545.jpg 768w, https:\/\/collegejeanperrin.blogs.laclasse.com\/wp-content\/uploads\/sites\/99\/2020\/03\/nb_8.jpg 1050w\" sizes=\"auto, (max-width: 300px) 100vw, 300px\" \/><\/a>Le proviseur du lyc\u00e9e de Lyon des ann\u00e9es 1850-1869, du nom de Mouillard, fut charg\u00e9 de la mise en \u0153uvre du projet en 1857. Le choix se porta sur un lieu ext\u00e9rieur \u00e0 la ville sans en \u00eatre toutefois trop \u00e9loign\u00e9. Le plateau de Saint-Rambert offrait un cadre \u00e0 la fois champ\u00eatre et bois\u00e9s, au dessus de l\u2019humidit\u00e9 et des brouillards du fond de la vall\u00e9e de la Sa\u00f4ne. Des acquisitions de terrains, \u00e9chelonn\u00e9s entre 1858 et 1877 fournirent l\u2019espace n\u00e9cessaire. La premi\u00e8re grande \u00e9tape fut l\u2019appropriation du domaine de Vaques et de quelques parcelles voisines (1858-1864), sur lesquels furent construits le b\u00e2timent principal et sa chapelle.<\/p>\n<p><a href=\"https:\/\/collegejeanperrin.blogs.laclasse.com\/wp-content\/uploads\/sites\/99\/2020\/03\/nb_3.jpg\"><img loading=\"lazy\" decoding=\"async\" class=\"alignleft size-medium wp-image-249\" src=\"https:\/\/collegejeanperrin.blogs.laclasse.com\/wp-content\/uploads\/sites\/99\/2020\/03\/nb_3-300x199.jpg\" alt=\"Cour int\u00e9rieure\" width=\"300\" height=\"199\" srcset=\"https:\/\/collegejeanperrin.blogs.laclasse.com\/wp-content\/uploads\/sites\/99\/2020\/03\/nb_3-300x199.jpg 300w, https:\/\/collegejeanperrin.blogs.laclasse.com\/wp-content\/uploads\/sites\/99\/2020\/03\/nb_3-1024x678.jpg 1024w, https:\/\/collegejeanperrin.blogs.laclasse.com\/wp-content\/uploads\/sites\/99\/2020\/03\/nb_3-768x508.jpg 768w, https:\/\/collegejeanperrin.blogs.laclasse.com\/wp-content\/uploads\/sites\/99\/2020\/03\/nb_3-1536x1016.jpg 1536w, https:\/\/collegejeanperrin.blogs.laclasse.com\/wp-content\/uploads\/sites\/99\/2020\/03\/nb_3.jpg 1670w\" sizes=\"auto, (max-width: 300px) 100vw, 300px\" \/><\/a>En 1877, l\u2019achat d\u2019un terrain contigu, la propri\u00e9t\u00e9 Barry, permit d\u2019am\u00e9nager deux cours de r\u00e9cr\u00e9ation, des pr\u00e9aux couverts, de pr\u00e9voir un gymnase et m\u00eame une piscine. Une convention, sign\u00e9e avec la compagnie de chemin de fer P.L.M. fixait les limites des emprises respectives du c\u00f4t\u00e9 de la Sa\u00f4ne, au bas du versant.<\/p>\n\n\n\n<h2 class=\"wp-block-heading\">La construction<\/h2>\n\n\n\n<p><a href=\"https:\/\/collegejeanperrin.blogs.laclasse.com\/wp-content\/uploads\/sites\/99\/2020\/03\/nb_6.jpg\"><img loading=\"lazy\" decoding=\"async\" class=\"alignright size-medium wp-image-250\" src=\"https:\/\/collegejeanperrin.blogs.laclasse.com\/wp-content\/uploads\/sites\/99\/2020\/03\/nb_6-300x214.jpg\" alt=\"Couloir du b\u00e2timent C\" width=\"300\" height=\"214\" srcset=\"https:\/\/collegejeanperrin.blogs.laclasse.com\/wp-content\/uploads\/sites\/99\/2020\/03\/nb_6-300x214.jpg 300w, https:\/\/collegejeanperrin.blogs.laclasse.com\/wp-content\/uploads\/sites\/99\/2020\/03\/nb_6-1024x731.jpg 1024w, https:\/\/collegejeanperrin.blogs.laclasse.com\/wp-content\/uploads\/sites\/99\/2020\/03\/nb_6-768x548.jpg 768w, https:\/\/collegejeanperrin.blogs.laclasse.com\/wp-content\/uploads\/sites\/99\/2020\/03\/nb_6-1536x1096.jpg 1536w, https:\/\/collegejeanperrin.blogs.laclasse.com\/wp-content\/uploads\/sites\/99\/2020\/03\/nb_6.jpg 1680w\" sizes=\"auto, (max-width: 300px) 100vw, 300px\" \/><\/a>Le b\u00e2timent \u00e9difi\u00e9 entre 1861 et 1864, pr\u00e9sente une allure g\u00e9n\u00e9rale de ch\u00e2teau qui fait penser \u00e0 certains qu\u2019il n\u2019a pas \u00e9t\u00e9 construit \u00e0 l\u2019origine en vue de ses missions et fonctions actuelles, ce qui est inexact. C\u2019est d\u00e8s le d\u00e9but un lyc\u00e9e et \u00e0 cette \u00e9poque, un lyc\u00e9e imp\u00e9rial.<\/p>\n<p>Il se compose de trois corps principaux de b\u00e2timents parall\u00e8les \u00e0 la rue, s\u00e9par\u00e9s par des cours et reli\u00e9s par deux \u00e9l\u00e9ments transversaux dont l\u2019un est une chapelle doubl\u00e9e d\u2019un corridor vitr\u00e9.<\/p>\n<p>La circulation est assur\u00e9e par de longs couloirs assez larges, ce qui n\u2019est pas le cas des \u00e9tablissements construits dans les ann\u00e9es 1960, sur lesquels s\u2019ouvrent les salles de classe dispos\u00e9es en enfilade.<\/p>\n<p>Ces salles \u00e9taient sommairement meubl\u00e9es de grandes tables, de bancs, d\u2019un tableau mobile et de quelques planches ou cartes fix\u00e9es au mur.<\/p>\n\n\n\n<h2 class=\"wp-block-heading\"> La vie scolaire et administrative<\/h2>\n\n\n\n<p><a href=\"https:\/\/collegejeanperrin.blogs.laclasse.com\/wp-content\/uploads\/sites\/99\/2020\/03\/nb_4.jpg\"><img loading=\"lazy\" decoding=\"async\" class=\"alignleft size-medium wp-image-248\" src=\"https:\/\/collegejeanperrin.blogs.laclasse.com\/wp-content\/uploads\/sites\/99\/2020\/03\/nb_4-300x195.jpg\" alt=\"Cour de r\u00e9cr\u00e9ation\" width=\"300\" height=\"195\" srcset=\"https:\/\/collegejeanperrin.blogs.laclasse.com\/wp-content\/uploads\/sites\/99\/2020\/03\/nb_4-300x195.jpg 300w, https:\/\/collegejeanperrin.blogs.laclasse.com\/wp-content\/uploads\/sites\/99\/2020\/03\/nb_4-1024x667.jpg 1024w, https:\/\/collegejeanperrin.blogs.laclasse.com\/wp-content\/uploads\/sites\/99\/2020\/03\/nb_4-768x500.jpg 768w, https:\/\/collegejeanperrin.blogs.laclasse.com\/wp-content\/uploads\/sites\/99\/2020\/03\/nb_4-1536x1000.jpg 1536w, https:\/\/collegejeanperrin.blogs.laclasse.com\/wp-content\/uploads\/sites\/99\/2020\/03\/nb_4.jpg 1711w\" sizes=\"auto, (max-width: 300px) 100vw, 300px\" \/><\/a>Le nouveau lyc\u00e9e ouvrit ses portes en 1864. il ne s\u2019agissait pas d\u2019un \u00e9tablissement autonome mais d\u2019une annexe du lyc\u00e9e de Lyon, destin\u00e9e \u00e0 recevoir de jeunes \u00e9l\u00e8ves, de la sixi\u00e8me \u00e0 la troisi\u00e8me uniquement jusqu\u2019en 1938.<\/p>\n<p>Les effectifs rest\u00e8rent limit\u00e9s peut-\u00eatre par le fait que la majorit\u00e9 des enfants \u00e9taient re\u00e7us en qualit\u00e9 d\u2019internes. Ils oscill\u00e8rent entre 328 inscrits pour l\u2019ann\u00e9e 1882-1883 et 121 en 1911-1912.<\/p>\n<p><a href=\"https:\/\/collegejeanperrin.blogs.laclasse.com\/wp-content\/uploads\/sites\/99\/2020\/03\/nb_1.jpg\"><img loading=\"lazy\" decoding=\"async\" class=\"alignleft size-medium wp-image-253\" src=\"https:\/\/collegejeanperrin.blogs.laclasse.com\/wp-content\/uploads\/sites\/99\/2020\/03\/nb_1-300x200.jpg\" alt=\"Le r\u00e9fectoire\" width=\"300\" height=\"200\" srcset=\"https:\/\/collegejeanperrin.blogs.laclasse.com\/wp-content\/uploads\/sites\/99\/2020\/03\/nb_1-300x200.jpg 300w, https:\/\/collegejeanperrin.blogs.laclasse.com\/wp-content\/uploads\/sites\/99\/2020\/03\/nb_1-1024x682.jpg 1024w, https:\/\/collegejeanperrin.blogs.laclasse.com\/wp-content\/uploads\/sites\/99\/2020\/03\/nb_1-768x512.jpg 768w, https:\/\/collegejeanperrin.blogs.laclasse.com\/wp-content\/uploads\/sites\/99\/2020\/03\/nb_1-1536x1024.jpg 1536w, https:\/\/collegejeanperrin.blogs.laclasse.com\/wp-content\/uploads\/sites\/99\/2020\/03\/nb_1.jpg 1799w\" sizes=\"auto, (max-width: 300px) 100vw, 300px\" \/><\/a>Jusqu\u2019\u00e0 cette date relativement r\u00e9cente, les \u00e9tablissements scolaires n\u2019\u00e9taient pas mixtes, le lyc\u00e9e de Lyon et ses annexes dont le petit lyc\u00e9e de Saint-Rambert n\u2019accueillaient que des gar\u00e7ons. Pour offrir aux jeunes filles un enseignement secondaire public un lyc\u00e9e fut ouvert en 1883, place Edgar Quinet (futur lyc\u00e9e Edouard Herriot).<\/p>\n<p>La guerre de 1870-1871 marqua une premi\u00e8re interruption dans la vie de l\u2019annexe de Saint-Rambert. Les \u00e9l\u00e8ves furent transf\u00e9r\u00e9s vers les locaux du lyc\u00e9e principal pour laisser la place \u00e0 des soldats. Il servit donc de caserne.<\/p>\n<p><a href=\"https:\/\/collegejeanperrin.blogs.laclasse.com\/wp-content\/uploads\/sites\/99\/2020\/03\/nb_7.jpg\"><img loading=\"lazy\" decoding=\"async\" class=\"alignleft size-medium wp-image-251\" src=\"https:\/\/collegejeanperrin.blogs.laclasse.com\/wp-content\/uploads\/sites\/99\/2020\/03\/nb_7-300x200.jpg\" alt=\"Le dortoir\" width=\"300\" height=\"200\" srcset=\"https:\/\/collegejeanperrin.blogs.laclasse.com\/wp-content\/uploads\/sites\/99\/2020\/03\/nb_7-300x200.jpg 300w, https:\/\/collegejeanperrin.blogs.laclasse.com\/wp-content\/uploads\/sites\/99\/2020\/03\/nb_7-1024x682.jpg 1024w, https:\/\/collegejeanperrin.blogs.laclasse.com\/wp-content\/uploads\/sites\/99\/2020\/03\/nb_7-768x512.jpg 768w, https:\/\/collegejeanperrin.blogs.laclasse.com\/wp-content\/uploads\/sites\/99\/2020\/03\/nb_7-1536x1024.jpg 1536w, https:\/\/collegejeanperrin.blogs.laclasse.com\/wp-content\/uploads\/sites\/99\/2020\/03\/nb_7.jpg 1799w\" sizes=\"auto, (max-width: 300px) 100vw, 300px\" \/><\/a>Reprenant ensuite son activit\u00e9 d\u2019enseignement, il re\u00e7ut parmi ses \u00e9l\u00e8ves, entre 1879 et 1883, un jeune et brillant pensionnaire du nom de Jean Perrin. Devenu un scientifique c\u00e9l\u00e8bre, il obtint en 1926 le prix Nobel de physique pour ses travaux sur la structure discontinue de la mati\u00e8re. Sa vocation p\u00e9dagogique se manifesta par la cr\u00e9ation du palais de la D\u00e9couverte, lieu de contact entre la recherche et le public, particuli\u00e8rement le public scolaire.<\/p>\n<p>En 1914, le lyc\u00e9e de Saint-Rambert est d\u00e9tach\u00e9 de la tutelle du lyc\u00e9e de Lyon appel\u00e9 Amp\u00e8re (depuis 1888) pour celle du lyc\u00e9e du Parc ouvert la m\u00eame ann\u00e9e.<\/p>\n<p>Pendant la Grande Guerre, l\u2019\u00e9tablissement est transform\u00e9 en h\u00f4pital militaire avec maintien d\u2019une classe primaire et accueil d\u2019une centaine de jeunes Serbes r\u00e9fugi\u00e9s (dont les courriers d\u2019apr\u00e8s-guerre t\u00e9moignent de la reconnaissance).<\/p>\n<p><a href=\"https:\/\/collegejeanperrin.blogs.laclasse.com\/wp-content\/uploads\/sites\/99\/2020\/03\/nb_2.jpg\"><img loading=\"lazy\" decoding=\"async\" class=\"alignleft size-medium wp-image-252\" src=\"https:\/\/collegejeanperrin.blogs.laclasse.com\/wp-content\/uploads\/sites\/99\/2020\/03\/nb_2-300x212.jpg\" alt=\"Photo de classe\" width=\"300\" height=\"212\" srcset=\"https:\/\/collegejeanperrin.blogs.laclasse.com\/wp-content\/uploads\/sites\/99\/2020\/03\/nb_2-300x212.jpg 300w, https:\/\/collegejeanperrin.blogs.laclasse.com\/wp-content\/uploads\/sites\/99\/2020\/03\/nb_2-1024x724.jpg 1024w, https:\/\/collegejeanperrin.blogs.laclasse.com\/wp-content\/uploads\/sites\/99\/2020\/03\/nb_2-768x543.jpg 768w, https:\/\/collegejeanperrin.blogs.laclasse.com\/wp-content\/uploads\/sites\/99\/2020\/03\/nb_2-1536x1087.jpg 1536w, https:\/\/collegejeanperrin.blogs.laclasse.com\/wp-content\/uploads\/sites\/99\/2020\/03\/nb_2.jpg 1695w\" sizes=\"auto, (max-width: 300px) 100vw, 300px\" \/><\/a>La seconde guerre mondiale marque une nouvelle rupture avec encore une fois une affectation en h\u00f4pital militaire. R\u00e9ouvert apr\u00e8s l\u2019armistice franco-allemand en 1940, il re\u00e7oit notamment des promotions de l\u2019Ecole Normale de gar\u00e7ons devenue institut de Formation professionnelle. Les bombardements de 1944, visant la gare de Vaise provoquent des dommages aux b\u00e2timents qui, ajout\u00e9s \u00e0 l\u2019absence d\u2019entretien, expliquent leur mauvais \u00e9tat \u00e0 la fin du conflit.<\/p>\n<p>De nouveaux changements interviennent apr\u00e8s ces \u00e9poques troubl\u00e9es. En 1949, le petit lyc\u00e9e de Saint-Rambert prend le nom de Jean Perrin. En 1959, il devient autonome avec son propre proviseur. Au cours de ces ann\u00e9es, un b\u00e2timent neuf, ouvert en 1960, construit dans le prolongement des locaux du Second Empire, d\u00e9veloppe une courbe de 200 m\u00e8tres face \u00e0 la Sa\u00f4ne et au plateau de la Croix-Rousse. C\u2019est l\u2019amorce d\u2019une nouvelle organisation entre premier (locaux anciens) et deuxi\u00e8me cycle (construction des ann\u00e9es 60). Plus tard (1977), lyc\u00e9e et coll\u00e8ge forment deux \u00e9tablissement distincts tout en conservant des liens et des installations communes, scolarisant au total plus de 2000 \u00e9l\u00e8ves.<\/p>\n\n\n\n<h2 class=\"wp-block-heading\">La restructuration<\/h2>\n\n\n\n<p><a href=\"https:\/\/collegejeanperrin.blogs.laclasse.com\/wp-content\/uploads\/sites\/99\/2020\/03\/inauguration.jpg\"><img loading=\"lazy\" decoding=\"async\" class=\"alignleft size-medium wp-image-245\" src=\"https:\/\/collegejeanperrin.blogs.laclasse.com\/wp-content\/uploads\/sites\/99\/2020\/03\/inauguration-300x199.jpg\" alt=\"\" width=\"300\" height=\"199\" srcset=\"https:\/\/collegejeanperrin.blogs.laclasse.com\/wp-content\/uploads\/sites\/99\/2020\/03\/inauguration-300x199.jpg 300w, https:\/\/collegejeanperrin.blogs.laclasse.com\/wp-content\/uploads\/sites\/99\/2020\/03\/inauguration-1024x681.jpg 1024w, https:\/\/collegejeanperrin.blogs.laclasse.com\/wp-content\/uploads\/sites\/99\/2020\/03\/inauguration-768x511.jpg 768w, https:\/\/collegejeanperrin.blogs.laclasse.com\/wp-content\/uploads\/sites\/99\/2020\/03\/inauguration.jpg 1504w\" sizes=\"auto, (max-width: 300px) 100vw, 300px\" \/><\/a>Situ\u00e9 dans le neuvi\u00e8me arrondissement de LYON, le coll\u00e8ge JEAN PERRIN b\u00e9n\u00e9ficie d\u2019un cadre privil\u00e9gi\u00e9 dans un parc en bord de Sa\u00f4ne au dessus de l\u2019\u00eele Barbe \u00e0 l\u2019\u00e9cart du quartier de Vaise, \u00e0 la limite des monts d\u2019Or et du plateau de Saint Rambert.<br class=\"autobr\">Cette imposante et magnifique construction de 150 ans, m\u00e9ritait cependant une restructuration.<br class=\"autobr\">Les travaux ont d\u00e9but\u00e9 en juin 2011 et l\u2019inauguration a eu lieu le Mardi 2 septembre 2014 en pr\u00e9sence de Madame CHUZEVILLE Pr\u00e9sidente du Conseil g\u00e9n\u00e9ral du Rh\u00f4ne, Madame MOULIN CIVIL Rectrice de l\u2019acad\u00e9mie de Lyon, Monsieur BAGLAN Inspecteur d\u2019acad\u00e9mie, directeur acad\u00e9miques des services d\u00e9partementaux du Rh\u00f4ne et Monsieur COLLOMB Maire de Lyon.<\/p>\n\n\n\n<p><strong>Jean-Fran\u00e7ois Martin<\/strong><\/p>\n\n\n\n<p>\nProfesseur agr\u00e9g\u00e9 d\u2019Histoire-G\u00e9ographie\n\n<\/p>\n","protected":false},"excerpt":{"rendered":"<p>La d\u00e9cision Au XIXe si\u00e8cle, la ville ne dispose que d\u2019un seul lyc\u00e9e, le lyc\u00e9e de Lyon (ancien coll\u00e8ge de la Trinit\u00e9 avant la R\u00e9volution, futur lyc\u00e9e Amp\u00e8re \u00e0 partir de 1888). D\u00e8s 1844, les rapports soulignent cette n\u00e9cessit\u00e9 et rappellent qu\u2019avant 1793, la ville disposait de deux coll\u00e8ges pour<\/p>\n","protected":false},"author":88274,"featured_media":0,"parent":0,"menu_order":0,"comment_status":"closed","ping_status":"closed","template":"","meta":{"footnotes":""},"class_list":["post-242","page","type-page","status-publish","hentry","comments-off"],"_links":{"self":[{"href":"https:\/\/collegejeanperrin.blogs.laclasse.com\/index.php?rest_route=\/wp\/v2\/pages\/242","targetHints":{"allow":["GET"]}}],"collection":[{"href":"https:\/\/collegejeanperrin.blogs.laclasse.com\/index.php?rest_route=\/wp\/v2\/pages"}],"about":[{"href":"https:\/\/collegejeanperrin.blogs.laclasse.com\/index.php?rest_route=\/wp\/v2\/types\/page"}],"author":[{"embeddable":true,"href":"https:\/\/collegejeanperrin.blogs.laclasse.com\/index.php?rest_route=\/wp\/v2\/users\/88274"}],"replies":[{"embeddable":true,"href":"https:\/\/collegejeanperrin.blogs.laclasse.com\/index.php?rest_route=%2Fwp%2Fv2%2Fcomments&post=242"}],"version-history":[{"count":5,"href":"https:\/\/collegejeanperrin.blogs.laclasse.com\/index.php?rest_route=\/wp\/v2\/pages\/242\/revisions"}],"predecessor-version":[{"id":521,"href":"https:\/\/collegejeanperrin.blogs.laclasse.com\/index.php?rest_route=\/wp\/v2\/pages\/242\/revisions\/521"}],"wp:attachment":[{"href":"https:\/\/collegejeanperrin.blogs.laclasse.com\/index.php?rest_route=%2Fwp%2Fv2%2Fmedia&parent=242"}],"curies":[{"name":"wp","href":"https:\/\/api.w.org\/{rel}","templated":true}]}}